{"id":231,"date":"2021-01-26T15:43:37","date_gmt":"2021-01-26T21:43:37","guid":{"rendered":"https:\/\/www.greenfieldnursingrehab.com\/staging\/?page_id=231"},"modified":"2021-10-14T09:24:40","modified_gmt":"2021-10-14T13:24:40","slug":"non-discrimination-policy","status":"publish","type":"page","link":"https:\/\/griswoldnursingrehab.com\/es\/politica-de-no-discriminacion\/","title":{"rendered":"Pol\u00edtica de no discriminaci\u00f3n"},"content":{"rendered":"<style>#kt-layout-id_a2affe-7f > .kt-row-column-wrap{align-content:start;}:where(#kt-layout-id_a2affe-7f > .kt-row-column-wrap) > .wp-block-kadence-column{justify-content:start;}#kt-layout-id_a2affe-7f > .kt-row-column-wrap{column-gap:var(--global-kb-gap-md, 2rem);row-gap:var(--global-kb-gap-md, 2rem);max-width:var( --global-content-width, 1290px );padding-left:var(--global-content-edge-padding);padding-right:var(--global-content-edge-padding);padding-top:var( --global-kb-row-default-top, 25px );padding-bottom:var( --global-kb-row-default-bottom, 25px );padding-top:var(--global-kb-spacing-sm, 1.5rem);padding-bottom:var(--global-kb-spacing-sm, 1.5rem);grid-template-columns:minmax(0, 1fr);}#kt-layout-id_a2affe-7f > .kt-row-layout-overlay{opacity:0.30;}@media all and (max-width: 1024px){#kt-layout-id_a2affe-7f > .kt-row-column-wrap{grid-template-columns:minmax(0, 1fr);}}@media all and (max-width: 767px){#kt-layout-id_a2affe-7f > .kt-row-column-wrap{grid-template-columns:minmax(0, 1fr);}}<\/style>\n<div class=\"wp-block-kadence-rowlayout alignnone\"><div id=\"kt-layout-id_a2affe-7f\" class=\"kt-row-layout-inner kt-layout-id_a2affe-7f\"><div class=\"kt-row-column-wrap kt-has-1-columns kt-gutter-default kt-v-gutter-default kt-row-valign-top kt-row-layout-equal kt-tab-layout-inherit kt-m-colapse-left-to-right kt-mobile-layout-row kb-theme-content-width\"><style>.kadence-column_b24962-74 > .kt-inside-inner-col{border-top-width:0px;border-right-width:0px;border-bottom-width:0px;border-left-width:0px;}.kadence-column_b24962-74 > .kt-inside-inner-col,.kadence-column_b24962-74 > .kt-inside-inner-col:before{border-top-left-radius:0px;border-top-right-radius:0px;border-bottom-right-radius:0px;border-bottom-left-radius:0px;}.kadence-column_b24962-74 > .kt-inside-inner-col{column-gap:var(--global-kb-gap-sm, 1rem);}.kadence-column_b24962-74 > .kt-inside-inner-col{flex-direction:column;}.kadence-column_b24962-74 > .kt-inside-inner-col > .aligncenter{width:100%;}.kadence-column_b24962-74 > .kt-inside-inner-col:before{opacity:0.3;}.kadence-column_b24962-74{position:relative;}@media all and (max-width: 1024px){.kadence-column_b24962-74 > .kt-inside-inner-col{flex-direction:column;justify-content:center;}}@media all and (max-width: 767px){.kadence-column_b24962-74 > .kt-inside-inner-col{flex-direction:column;justify-content:center;}}<\/style>\n<div class=\"wp-block-kadence-column inner-column-1 kadence-column_b24962-74\"><div class=\"kt-inside-inner-col\"><style>.wp-block-kadence-spacer.kt-block-spacer-_93118d-75 .kt-block-spacer{height:10px;}.wp-block-kadence-spacer.kt-block-spacer-_93118d-75 .kt-divider{border-top-width:1px;height:1px;border-top-color:#eee;width:80%;border-top-style:solid;}<\/style>\n<div class=\"wp-block-kadence-spacer aligncenter kt-block-spacer-_93118d-75\"><div class=\"kt-block-spacer kt-block-spacer-halign-center\" style=\"height:10px\"><\/div><\/div>\n\n\n<style>.wp-block-kadence-advancedheading.kt-adv-heading_dcc946-de, .wp-block-kadence-advancedheading.kt-adv-heading_dcc946-de[data-kb-block=\"kb-adv-heading_dcc946-de\"]{font-size:1.6rem;line-height:1.25em;font-weight:400;font-style:normal;font-family:bely;}.wp-block-kadence-advancedheading.kt-adv-heading_dcc946-de mark.kt-highlight, .wp-block-kadence-advancedheading.kt-adv-heading_dcc946-de[data-kb-block=\"kb-adv-heading_dcc946-de\"] mark.kt-highlight{font-style:normal;color:#f76a0c;-webkit-box-decoration-break:clone;box-decoration-break:clone;padding-top:0px;padding-right:0px;padding-bottom:0px;padding-left:0px;}.wp-block-kadence-advancedheading.kt-adv-heading_dcc946-de img.kb-inline-image, .wp-block-kadence-advancedheading.kt-adv-heading_dcc946-de[data-kb-block=\"kb-adv-heading_dcc946-de\"] img.kb-inline-image{width:150px;vertical-align:baseline;}<\/style>\n<h1 class=\"kt-adv-heading_dcc946-de wp-block-kadence-advancedheading\" data-kb-block=\"kb-adv-heading_dcc946-de\"><strong>Griswold Rehabilitation &amp; Health Care Center&#8217;s Non-Discrimination Policy<\/strong><\/h1>\n\n\n<style>.wp-block-kadence-advancedheading.kt-adv-heading_c9a7de-3c, .wp-block-kadence-advancedheading.kt-adv-heading_c9a7de-3c[data-kb-block=\"kb-adv-heading_c9a7de-3c\"]{font-style:normal;}.wp-block-kadence-advancedheading.kt-adv-heading_c9a7de-3c mark.kt-highlight, .wp-block-kadence-advancedheading.kt-adv-heading_c9a7de-3c[data-kb-block=\"kb-adv-heading_c9a7de-3c\"] mark.kt-highlight{font-style:normal;color:#f76a0c;-webkit-box-decoration-break:clone;box-decoration-break:clone;padding-top:0px;padding-right:0px;padding-bottom:0px;padding-left:0px;}.wp-block-kadence-advancedheading.kt-adv-heading_c9a7de-3c img.kb-inline-image, .wp-block-kadence-advancedheading.kt-adv-heading_c9a7de-3c[data-kb-block=\"kb-adv-heading_c9a7de-3c\"] img.kb-inline-image{width:150px;vertical-align:baseline;}<\/style>\n<p class=\"kt-adv-heading_c9a7de-3c wp-block-kadence-advancedheading\" data-kb-block=\"kb-adv-heading_c9a7de-3c\">Public Notice of Non-Discrimination Regarding Admissions and Other Services and Benefits.<\/p>\n\n\n<style>.wp-block-kadence-advancedheading.kt-adv-heading_a2858b-f5, .wp-block-kadence-advancedheading.kt-adv-heading_a2858b-f5[data-kb-block=\"kb-adv-heading_a2858b-f5\"]{font-style:normal;}.wp-block-kadence-advancedheading.kt-adv-heading_a2858b-f5 mark.kt-highlight, .wp-block-kadence-advancedheading.kt-adv-heading_a2858b-f5[data-kb-block=\"kb-adv-heading_a2858b-f5\"] mark.kt-highlight{font-style:normal;color:#f76a0c;-webkit-box-decoration-break:clone;box-decoration-break:clone;padding-top:0px;padding-right:0px;padding-bottom:0px;padding-left:0px;}.wp-block-kadence-advancedheading.kt-adv-heading_a2858b-f5 img.kb-inline-image, .wp-block-kadence-advancedheading.kt-adv-heading_a2858b-f5[data-kb-block=\"kb-adv-heading_a2858b-f5\"] img.kb-inline-image{width:150px;vertical-align:baseline;}<\/style>\n<p class=\"kt-adv-heading_a2858b-f5 wp-block-kadence-advancedheading\" data-kb-block=\"kb-adv-heading_a2858b-f5\">The services and facilities of Griswold Rehabilitation &amp; Health Care Center\u00a0are operated on a non-discriminatory basis. They are subject to the provisions of Title VI of the 1964 Civil Rights Act, Section 504 of the Rehabilitation Act of 1973, the Age Discrimination Act of 1975, and the Hill Burton Act.<\/p>\n\n\n<style>.wp-block-kadence-advancedheading.kt-adv-heading_2c802d-5a, .wp-block-kadence-advancedheading.kt-adv-heading_2c802d-5a[data-kb-block=\"kb-adv-heading_2c802d-5a\"]{font-style:normal;}.wp-block-kadence-advancedheading.kt-adv-heading_2c802d-5a mark.kt-highlight, .wp-block-kadence-advancedheading.kt-adv-heading_2c802d-5a[data-kb-block=\"kb-adv-heading_2c802d-5a\"] mark.kt-highlight{font-style:normal;color:#f76a0c;-webkit-box-decoration-break:clone;box-decoration-break:clone;padding-top:0px;padding-right:0px;padding-bottom:0px;padding-left:0px;}.wp-block-kadence-advancedheading.kt-adv-heading_2c802d-5a img.kb-inline-image, .wp-block-kadence-advancedheading.kt-adv-heading_2c802d-5a[data-kb-block=\"kb-adv-heading_2c802d-5a\"] img.kb-inline-image{width:150px;vertical-align:baseline;}<\/style>\n<p class=\"kt-adv-heading_2c802d-5a wp-block-kadence-advancedheading\" data-kb-block=\"kb-adv-heading_2c802d-5a\">These acts prohibit discrimination on the basis of race, color, national origin, age, and disability. Griswold Rehabilitation &amp; Health Care Center&#8217;s nondiscriminatory position applies to admissions, provisions of services, assignment of services, granting of privileges, accommodations, and opportunity to participate in programs and activities.<\/p>\n<\/div><\/div>\n<\/div><\/div><\/div>\n","protected":false},"excerpt":{"rendered":"<p>Pol\u00edtica de no discriminaci\u00f3n de Griswold Rehabilitation &amp; Health Care Center Aviso p\u00fablico de no discriminaci\u00f3n en relaci\u00f3n con las admisiones y otros servicios y beneficios. Los servicios e instalaciones de Griswold Rehabilitation &amp; Health Care Center son operados sobre una base no discriminatoria. Est\u00e1n sujetos a las disposiciones del T\u00edtulo VI de la Ley de Derechos Civiles de 1964, la Secci\u00f3n 504 de la Ley de Rehabilitaci\u00f3n...<\/p>","protected":false},"author":2,"featured_media":0,"parent":0,"menu_order":0,"comment_status":"closed","ping_status":"closed","template":"","meta":{"_kad_blocks_custom_css":"","_kad_blocks_head_custom_js":"","_kad_blocks_body_custom_js":"","_kad_blocks_footer_custom_js":"","_kad_post_transparent":"disable","_kad_post_title":"hide","_kad_post_layout":"fullwidth","_kad_post_sidebar_id":"","_kad_post_content_style":"unboxed","_kad_post_vertical_padding":"hide","_kad_post_feature":"","_kad_post_feature_position":"","_kad_post_header":false,"_kad_post_footer":false,"footnotes":""},"class_list":["post-231","page","type-page","status-publish","hentry"],"yoast_head":"<!-- This site is optimized with the Yoast SEO plugin v27.3 - https:\/\/yoast.com\/product\/yoast-seo-wordpress\/ -->\n<title>Non-Discrimination Policy | Griswold Rehabilitation &amp; Health Care Center<\/title>\n<meta name=\"description\" content=\"Public notice of non-discrimination regarding admissions and other services and benefits operated on a non-discriminatory basis.\" \/>\n<meta name=\"robots\" content=\"index, follow, max-snippet:-1, max-image-preview:large, max-video-preview:-1\" \/>\n<link rel=\"canonical\" href=\"https:\/\/griswoldnursingrehab.com\/es\/politica-de-no-discriminacion\/\" \/>\n<meta property=\"og:locale\" content=\"es_ES\" \/>\n<meta property=\"og:type\" content=\"article\" \/>\n<meta property=\"og:title\" content=\"Non-Discrimination Policy | Griswold Rehabilitation &amp; Health Care Center\" \/>\n<meta property=\"og:description\" content=\"Public notice of non-discrimination regarding admissions and other services and benefits operated on a non-discriminatory basis.\" \/>\n<meta property=\"og:url\" content=\"https:\/\/griswoldnursingrehab.com\/es\/politica-de-no-discriminacion\/\" \/>\n<meta property=\"og:site_name\" content=\"Griswold Rehabilitation &amp; Health Care Center\" \/>\n<meta property=\"article:modified_time\" content=\"2021-10-14T13:24:40+00:00\" \/>\n<meta name=\"twitter:card\" content=\"summary_large_image\" \/>\n<meta name=\"twitter:label1\" content=\"Tiempo de lectura\" \/>\n\t<meta name=\"twitter:data1\" content=\"1 minuto\" \/>\n<!-- \/ Yoast SEO plugin. -->","yoast_head_json":{"title":"Pol\u00edtica de no discriminaci\u00f3n | Griswold Rehabilitation &amp; Health Care Center","description":"Aviso p\u00fablico de no discriminaci\u00f3n en lo que respecta a las admisiones y otros servicios y prestaciones que funcionan de forma no discriminatoria.","robots":{"index":"index","follow":"follow","max-snippet":"max-snippet:-1","max-image-preview":"max-image-preview:large","max-video-preview":"max-video-preview:-1"},"canonical":"https:\/\/griswoldnursingrehab.com\/es\/politica-de-no-discriminacion\/","og_locale":"es_ES","og_type":"article","og_title":"Non-Discrimination Policy | Griswold Rehabilitation & Health Care Center","og_description":"Public notice of non-discrimination regarding admissions and other services and benefits operated on a non-discriminatory basis.","og_url":"https:\/\/griswoldnursingrehab.com\/es\/politica-de-no-discriminacion\/","og_site_name":"Griswold Rehabilitation &amp; Health Care Center","article_modified_time":"2021-10-14T13:24:40+00:00","twitter_card":"summary_large_image","twitter_misc":{"Tiempo de lectura":"1 minuto"},"schema":{"@context":"https:\/\/schema.org","@graph":[{"@type":["WebPage","MedicalWebPage"],"@id":"https:\/\/griswoldnursingrehab.com\/non-discrimination-policy\/","url":"https:\/\/griswoldnursingrehab.com\/non-discrimination-policy\/","name":"Pol\u00edtica de no discriminaci\u00f3n | Griswold Rehabilitation &amp; Health Care Center","isPartOf":{"@id":"https:\/\/griswoldnursingrehab.com\/#website"},"datePublished":"2021-01-26T21:43:37+00:00","dateModified":"2021-10-14T13:24:40+00:00","description":"Aviso p\u00fablico de no discriminaci\u00f3n en lo que respecta a las admisiones y otros servicios y prestaciones que funcionan de forma no discriminatoria.","breadcrumb":{"@id":"https:\/\/griswoldnursingrehab.com\/non-discrimination-policy\/#breadcrumb"},"inLanguage":"es","potentialAction":[{"@type":"ReadAction","target":["https:\/\/griswoldnursingrehab.com\/non-discrimination-policy\/"]}]},{"@type":"BreadcrumbList","@id":"https:\/\/griswoldnursingrehab.com\/non-discrimination-policy\/#breadcrumb","itemListElement":[{"@type":"ListItem","position":1,"name":"Home","item":"https:\/\/griswoldnursingrehab.com\/"},{"@type":"ListItem","position":2,"name":"Non-Discrimination Policy"}]},{"@type":"WebSite","@id":"https:\/\/griswoldnursingrehab.com\/#website","url":"https:\/\/griswoldnursingrehab.com\/","name":"Centro de Rehabilitaci\u00f3n y Cuidado de la Salud Griswold","description":"A Tutera Rehabilitation &amp; Health Care Center Assisted Living Community","publisher":{"@id":"https:\/\/griswoldnursingrehab.com\/#organization"},"potentialAction":[{"@type":"SearchAction","target":{"@type":"EntryPoint","urlTemplate":"https:\/\/griswoldnursingrehab.com\/?s={search_term_string}"},"query-input":{"@type":"PropertyValueSpecification","valueRequired":true,"valueName":"search_term_string"}}],"inLanguage":"es"},{"@type":"Organization","@id":"https:\/\/griswoldnursingrehab.com\/#organization","name":"Griswold Assisted Living, Rehabilitation & Health Care Center","url":"https:\/\/griswoldnursingrehab.com\/","logo":{"@type":"ImageObject","inLanguage":"es","@id":"https:\/\/griswoldnursingrehab.com\/#\/schema\/logo\/image\/","url":"https:\/\/griswoldnursingrehab.com\/wp-content\/uploads\/2021\/10\/Griswold-logo-lg.png","contentUrl":"https:\/\/griswoldnursingrehab.com\/wp-content\/uploads\/2021\/10\/Griswold-logo-lg.png","width":400,"height":84,"caption":"Griswold Assisted Living, Rehabilitation & Health Care Center"},"image":{"@id":"https:\/\/griswoldnursingrehab.com\/#\/schema\/logo\/image\/"}}]}},"taxonomy_info":[],"featured_image_src_large":false,"author_info":{"display_name":"slproduction@grapevinedesigns.com","author_link":"https:\/\/griswoldnursingrehab.com\/es\/blog\/author\/slproductiongrapevinedesigns-com\/"},"comment_info":0,"_links":{"self":[{"href":"https:\/\/griswoldnursingrehab.com\/es\/wp-json\/wp\/v2\/pages\/231","targetHints":{"allow":["GET"]}}],"collection":[{"href":"https:\/\/griswoldnursingrehab.com\/es\/wp-json\/wp\/v2\/pages"}],"about":[{"href":"https:\/\/griswoldnursingrehab.com\/es\/wp-json\/wp\/v2\/types\/page"}],"author":[{"embeddable":true,"href":"https:\/\/griswoldnursingrehab.com\/es\/wp-json\/wp\/v2\/users\/2"}],"replies":[{"embeddable":true,"href":"https:\/\/griswoldnursingrehab.com\/es\/wp-json\/wp\/v2\/comments?post=231"}],"version-history":[{"count":0,"href":"https:\/\/griswoldnursingrehab.com\/es\/wp-json\/wp\/v2\/pages\/231\/revisions"}],"wp:attachment":[{"href":"https:\/\/griswoldnursingrehab.com\/es\/wp-json\/wp\/v2\/media?parent=231"}],"curies":[{"name":"wp","href":"https:\/\/api.w.org\/{rel}","templated":true}]}}