{"id":229,"date":"2021-01-26T15:41:20","date_gmt":"2021-01-26T21:41:20","guid":{"rendered":"https:\/\/www.greenfieldnursingrehab.com\/staging\/?page_id=229"},"modified":"2023-02-08T10:33:06","modified_gmt":"2023-02-08T15:33:06","slug":"privacy-policy","status":"publish","type":"page","link":"https:\/\/griswoldnursingrehab.com\/es\/politica-de-privacidad\/","title":{"rendered":"Pol\u00edtica de privacidad"},"content":{"rendered":"<style>#kt-layout-id_e1286c-fc > .kt-row-column-wrap{align-content:start;}:where(#kt-layout-id_e1286c-fc > .kt-row-column-wrap) > .wp-block-kadence-column{justify-content:start;}#kt-layout-id_e1286c-fc > .kt-row-column-wrap{column-gap:var(--global-kb-gap-md, 2rem);row-gap:var(--global-kb-gap-md, 2rem);max-width:var( --global-content-width, 1290px );padding-left:var(--global-content-edge-padding);padding-right:var(--global-content-edge-padding);padding-top:var( --global-kb-row-default-top, 25px );padding-bottom:var( --global-kb-row-default-bottom, 25px );padding-top:var(--global-kb-spacing-sm, 1.5rem);padding-bottom:var(--global-kb-spacing-sm, 1.5rem);grid-template-columns:minmax(0, 1fr);}#kt-layout-id_e1286c-fc > .kt-row-layout-overlay{opacity:0.30;}@media all and (max-width: 1024px){#kt-layout-id_e1286c-fc > .kt-row-column-wrap{grid-template-columns:minmax(0, 1fr);}}@media all and (max-width: 767px){#kt-layout-id_e1286c-fc > .kt-row-column-wrap{grid-template-columns:minmax(0, 1fr);}}<\/style>\n<div class=\"wp-block-kadence-rowlayout alignnone\"><div id=\"kt-layout-id_e1286c-fc\" class=\"kt-row-layout-inner kt-layout-id_e1286c-fc\"><div class=\"kt-row-column-wrap kt-has-1-columns kt-gutter-default kt-v-gutter-default kt-row-valign-top kt-row-layout-equal kt-tab-layout-inherit kt-m-colapse-left-to-right kt-mobile-layout-row kb-theme-content-width\"><style>.kadence-column_d401b7-16 > .kt-inside-inner-col{border-top-width:0px;border-right-width:0px;border-bottom-width:0px;border-left-width:0px;}.kadence-column_d401b7-16 > .kt-inside-inner-col,.kadence-column_d401b7-16 > .kt-inside-inner-col:before{border-top-left-radius:0px;border-top-right-radius:0px;border-bottom-right-radius:0px;border-bottom-left-radius:0px;}.kadence-column_d401b7-16 > .kt-inside-inner-col{column-gap:var(--global-kb-gap-sm, 1rem);}.kadence-column_d401b7-16 > .kt-inside-inner-col{flex-direction:column;}.kadence-column_d401b7-16 > .kt-inside-inner-col > .aligncenter{width:100%;}.kadence-column_d401b7-16 > .kt-inside-inner-col:before{opacity:0.3;}.kadence-column_d401b7-16{position:relative;}@media all and (max-width: 1024px){.kadence-column_d401b7-16 > .kt-inside-inner-col{flex-direction:column;justify-content:center;}}@media all and (max-width: 767px){.kadence-column_d401b7-16 > .kt-inside-inner-col{flex-direction:column;justify-content:center;}}<\/style>\n<div class=\"wp-block-kadence-column inner-column-1 kadence-column_d401b7-16\"><div class=\"kt-inside-inner-col\"><style>.wp-block-kadence-spacer.kt-block-spacer-_97c634-77 .kt-block-spacer{height:10px;}.wp-block-kadence-spacer.kt-block-spacer-_97c634-77 .kt-divider{border-top-width:1px;height:1px;border-top-color:#eee;width:80%;border-top-style:solid;}<\/style>\n<div class=\"wp-block-kadence-spacer aligncenter kt-block-spacer-_97c634-77\"><div class=\"kt-block-spacer kt-block-spacer-halign-center\"><\/div><\/div>\n\n\n\n<a href=\"https:\/\/www.iubenda.com\/privacy-policy\/41900650\" class=\"iubenda-white no-brand iubenda-noiframe iubenda-embed iubenda-noiframe iub-body-embed\" title=\"Privacy Policy\">Privacy Policy<\/a><script type=\"text\/javascript\">(function (w,d) {var loader = function () {var s = d.createElement(\"script\"), tag = d.getElementsByTagName(\"script\")[0]; s.src=\"https:\/\/cdn.iubenda.com\/iubenda.js\"; tag.parentNode.insertBefore(s,tag);}; if(w.addEventListener){w.addEventListener(\"load\", loader, false);}else if(w.attachEvent){w.attachEvent(\"onload\", loader);}else{w.onload = loader;}})(window, document);<\/script>\n\n\n<style>.wp-block-kadence-advancedheading.kt-adv-heading_355ab4-04, .wp-block-kadence-advancedheading.kt-adv-heading_355ab4-04[data-kb-block=\"kb-adv-heading_355ab4-04\"]{font-size:1.6rem;line-height:1.25em;font-weight:400;font-style:normal;font-family:bely;text-transform:none;}.wp-block-kadence-advancedheading.kt-adv-heading_355ab4-04 mark.kt-highlight, .wp-block-kadence-advancedheading.kt-adv-heading_355ab4-04[data-kb-block=\"kb-adv-heading_355ab4-04\"] mark.kt-highlight{font-style:normal;color:#f76a0c;-webkit-box-decoration-break:clone;box-decoration-break:clone;padding-top:0px;padding-right:0px;padding-bottom:0px;padding-left:0px;}.wp-block-kadence-advancedheading.kt-adv-heading_355ab4-04 img.kb-inline-image, .wp-block-kadence-advancedheading.kt-adv-heading_355ab4-04[data-kb-block=\"kb-adv-heading_355ab4-04\"] img.kb-inline-image{width:150px;vertical-align:baseline;}<\/style>\n<h1 class=\"kt-adv-heading_355ab4-04 wp-block-kadence-advancedheading\" data-kb-block=\"kb-adv-heading_355ab4-04\">Privacy Policy<\/h1>\n\n\n\n<p id=\"block-9ad14af4-96f8-4c78-822b-df32ce4b17b5\">This Privacy Policy governs the manner in which <a href=\"http:\/\/tutera.com\/\" target=\"_blank\" rel=\"noreferrer noopener\">tutera.com<\/a> and the affiliated community websites collect, use, maintain and disclose information collected from users of tutera.com and the affiliated community websites.<\/p>\n\n\n\n<p id=\"block-c4bff325-8cac-45b5-8812-955e74ea40ed\">We may collect personal identification information from users in a variety of ways including: Registration on our sites, subscription to our newsletter or filling out a form. Users may be asked for, as appropriate, name, email address, mailing address, phone number, company name, job title or other information relevant to our business. We will collect personal identification information from users only if they voluntarily submit such information to us. Users can always refuse to supply personally identification information, except that it may prevent them from engaging in certain website related activities.<\/p>\n\n\n\n<p id=\"block-4c25d59d-b923-443f-b856-1d3b3d560b9d\">We may collect non-personal identification information about users whenever they interact with our websites. Non-personal identification information may include the browser name, the type of computer and technical information about users means of connection to our website, such as the operating system and the Internet service providers utilized and other similar information.<\/p>\n\n\n\n<p id=\"block-6c616344-309e-435c-9a38-69ae89b0192c\"><a href=\"http:\/\/tutera.com\/\" target=\"_blank\" rel=\"noreferrer noopener\">Tutera.com <\/a>and the affiliated community websites collect and use user personal information for the following purposes:<\/p>\n\n\n\n<ol class=\"wp-block-list\">\n<li>To improve customer service: Your information helps us to more effectively respond to your customer service requests and support needs.<\/li>\n\n\n\n<li>To send periodic emails: The email address users provide will only be used to respond to their inquiries, and\/or other requests or questions. If a user decides to opt-in to our mailing list, they will receive emails that may include company news, updates, related product or service information, etc. If at any time the user would like to unsubscribe from receiving future emails, we include detailed unsubscribe instructions at the bottom of each email or user may contact us via our website.<\/li>\n<\/ol>\n\n\n\n<p id=\"block-a5cf1351-0e52-4acd-97d1-433452e87c0f\">We adopt appropriate data collection, storage and processing practices and security measures to protect against unauthorized access, alteration, disclosure or destruction of your personal information. We do not sell, trade, or rent users personal identification information to others.<\/p>\n\n\n\n<p id=\"block-aa2546c3-04a6-49cf-ba08-31cd4bf7030e\"><a href=\"http:\/\/tutera.com\/\" target=\"_blank\" rel=\"noreferrer noopener\">Tutera.com<\/a> and the affiliated community websites have the discretion to update this privacy policy at any time. When we do, we will revise the updated date at the bottom of this page. We encourage users to frequently check this page for any changes to stay informed about how we are helping to protect the personal information we collect. You acknowledge and agree that it is your responsibility to review this privacy policy periodically and become aware of modifications.<\/p>\n\n\n\n<p id=\"block-cb2d8a98-bfaf-426b-98d5-5390f6b99a6e\">By using these websites, you signify your acceptance of this policy. If you do not agree to this policy, please do not use our websites. Your continued use of the websites following the posting of changes to this policy will be deemed your acceptance of those changes.<\/p>\n\n\n\n<p id=\"block-34579122-9454-4707-ac89-53d6000818f0\">If you have any questions about this Privacy Policy, the practices of this website, or your dealings with these websites, please contact us at:<\/p>\n\n\n\n<p id=\"block-d5b18d50-50c8-42dc-9aaa-08a653835657\">Tutera Senior Living &amp; Health Care<br><a href=\"tel:8779888372\">877-988-8372<\/a><br><a href=\"mailto:inspiredbyyou@tutera.com\">inspiredbyyou@tutera.com<\/a><\/p>\n<\/div><\/div>\n<\/div><\/div><\/div>\n","protected":false},"excerpt":{"rendered":"<p>Pol\u00edtica de Privacidad Pol\u00edtica de Privacidad Esta Pol\u00edtica de Privacidad rige la forma en que tutera.com y los sitios web de la comunidad afiliada recoger, utilizar, mantener y divulgar la informaci\u00f3n recogida de los usuarios de tutera.com y los sitios web de la comunidad afiliada. Podemos recopilar informaci\u00f3n de identificaci\u00f3n personal de los usuarios en una variedad de maneras, incluyendo: Registro en nuestros sitios, suscripci\u00f3n a nuestros...<\/p>","protected":false},"author":2,"featured_media":0,"parent":0,"menu_order":0,"comment_status":"closed","ping_status":"closed","template":"","meta":{"_kad_blocks_custom_css":"","_kad_blocks_head_custom_js":"","_kad_blocks_body_custom_js":"","_kad_blocks_footer_custom_js":"","_kad_post_transparent":"disable","_kad_post_title":"hide","_kad_post_layout":"","_kad_post_sidebar_id":"","_kad_post_content_style":"unboxed","_kad_post_vertical_padding":"hide","_kad_post_feature":"","_kad_post_feature_position":"","_kad_post_header":false,"_kad_post_footer":false,"footnotes":""},"class_list":["post-229","page","type-page","status-publish","hentry"],"yoast_head":"<!-- This site is optimized with the Yoast SEO plugin v27.3 - https:\/\/yoast.com\/product\/yoast-seo-wordpress\/ -->\n<title>Privacy Policy | Griswold Rehabilitation &amp; Health Care Center<\/title>\n<meta name=\"description\" content=\"This Agreement represents the entire understanding and agreement between you and us regarding the subject matter of the privacy policy.\" \/>\n<meta name=\"robots\" content=\"index, follow, max-snippet:-1, max-image-preview:large, max-video-preview:-1\" \/>\n<link rel=\"canonical\" href=\"https:\/\/griswoldnursingrehab.com\/es\/politica-de-privacidad\/\" \/>\n<meta property=\"og:locale\" content=\"es_ES\" \/>\n<meta property=\"og:type\" content=\"article\" \/>\n<meta property=\"og:title\" content=\"Privacy Policy | Griswold Rehabilitation &amp; Health Care Center\" \/>\n<meta property=\"og:description\" content=\"This Agreement represents the entire understanding and agreement between you and us regarding the subject matter of the privacy policy.\" \/>\n<meta property=\"og:url\" content=\"https:\/\/griswoldnursingrehab.com\/es\/politica-de-privacidad\/\" \/>\n<meta property=\"og:site_name\" content=\"Griswold Rehabilitation &amp; Health Care Center\" \/>\n<meta property=\"article:modified_time\" content=\"2023-02-08T15:33:06+00:00\" \/>\n<meta name=\"twitter:card\" content=\"summary_large_image\" \/>\n<meta name=\"twitter:label1\" content=\"Tiempo de lectura\" \/>\n\t<meta name=\"twitter:data1\" content=\"3 minutos\" \/>\n<!-- \/ Yoast SEO plugin. -->","yoast_head_json":{"title":"Pol\u00edtica de privacidad | Griswold Rehabilitation &amp; Health Care Center","description":"Este acuerdo representa el entendimiento y el acuerdo completo entre usted y nosotros en relaci\u00f3n con el tema de la pol\u00edtica de privacidad.","robots":{"index":"index","follow":"follow","max-snippet":"max-snippet:-1","max-image-preview":"max-image-preview:large","max-video-preview":"max-video-preview:-1"},"canonical":"https:\/\/griswoldnursingrehab.com\/es\/politica-de-privacidad\/","og_locale":"es_ES","og_type":"article","og_title":"Privacy Policy | Griswold Rehabilitation & Health Care Center","og_description":"This Agreement represents the entire understanding and agreement between you and us regarding the subject matter of the privacy policy.","og_url":"https:\/\/griswoldnursingrehab.com\/es\/politica-de-privacidad\/","og_site_name":"Griswold Rehabilitation &amp; Health Care Center","article_modified_time":"2023-02-08T15:33:06+00:00","twitter_card":"summary_large_image","twitter_misc":{"Tiempo de lectura":"3 minutos"},"schema":{"@context":"https:\/\/schema.org","@graph":[{"@type":["WebPage","MedicalWebPage"],"@id":"https:\/\/griswoldnursingrehab.com\/privacy-policy\/","url":"https:\/\/griswoldnursingrehab.com\/privacy-policy\/","name":"Pol\u00edtica de privacidad | Griswold Rehabilitation &amp; Health Care Center","isPartOf":{"@id":"https:\/\/griswoldnursingrehab.com\/#website"},"datePublished":"2021-01-26T21:41:20+00:00","dateModified":"2023-02-08T15:33:06+00:00","description":"Este acuerdo representa el entendimiento y el acuerdo completo entre usted y nosotros en relaci\u00f3n con el tema de la pol\u00edtica de privacidad.","breadcrumb":{"@id":"https:\/\/griswoldnursingrehab.com\/privacy-policy\/#breadcrumb"},"inLanguage":"es","potentialAction":[{"@type":"ReadAction","target":["https:\/\/griswoldnursingrehab.com\/privacy-policy\/"]}]},{"@type":"BreadcrumbList","@id":"https:\/\/griswoldnursingrehab.com\/privacy-policy\/#breadcrumb","itemListElement":[{"@type":"ListItem","position":1,"name":"Home","item":"https:\/\/griswoldnursingrehab.com\/"},{"@type":"ListItem","position":2,"name":"Privacy Policy"}]},{"@type":"WebSite","@id":"https:\/\/griswoldnursingrehab.com\/#website","url":"https:\/\/griswoldnursingrehab.com\/","name":"Centro de Rehabilitaci\u00f3n y Cuidado de la Salud Griswold","description":"A Tutera Rehabilitation &amp; Health Care Center Assisted Living Community","publisher":{"@id":"https:\/\/griswoldnursingrehab.com\/#organization"},"potentialAction":[{"@type":"SearchAction","target":{"@type":"EntryPoint","urlTemplate":"https:\/\/griswoldnursingrehab.com\/?s={search_term_string}"},"query-input":{"@type":"PropertyValueSpecification","valueRequired":true,"valueName":"search_term_string"}}],"inLanguage":"es"},{"@type":"Organization","@id":"https:\/\/griswoldnursingrehab.com\/#organization","name":"Griswold Assisted Living, Rehabilitation & Health Care Center","url":"https:\/\/griswoldnursingrehab.com\/","logo":{"@type":"ImageObject","inLanguage":"es","@id":"https:\/\/griswoldnursingrehab.com\/#\/schema\/logo\/image\/","url":"https:\/\/griswoldnursingrehab.com\/wp-content\/uploads\/2021\/10\/Griswold-logo-lg.png","contentUrl":"https:\/\/griswoldnursingrehab.com\/wp-content\/uploads\/2021\/10\/Griswold-logo-lg.png","width":400,"height":84,"caption":"Griswold Assisted Living, Rehabilitation & Health Care Center"},"image":{"@id":"https:\/\/griswoldnursingrehab.com\/#\/schema\/logo\/image\/"}}]}},"taxonomy_info":[],"featured_image_src_large":false,"author_info":{"display_name":"slproduction@grapevinedesigns.com","author_link":"https:\/\/griswoldnursingrehab.com\/es\/blog\/author\/slproductiongrapevinedesigns-com\/"},"comment_info":0,"_links":{"self":[{"href":"https:\/\/griswoldnursingrehab.com\/es\/wp-json\/wp\/v2\/pages\/229","targetHints":{"allow":["GET"]}}],"collection":[{"href":"https:\/\/griswoldnursingrehab.com\/es\/wp-json\/wp\/v2\/pages"}],"about":[{"href":"https:\/\/griswoldnursingrehab.com\/es\/wp-json\/wp\/v2\/types\/page"}],"author":[{"embeddable":true,"href":"https:\/\/griswoldnursingrehab.com\/es\/wp-json\/wp\/v2\/users\/2"}],"replies":[{"embeddable":true,"href":"https:\/\/griswoldnursingrehab.com\/es\/wp-json\/wp\/v2\/comments?post=229"}],"version-history":[{"count":0,"href":"https:\/\/griswoldnursingrehab.com\/es\/wp-json\/wp\/v2\/pages\/229\/revisions"}],"wp:attachment":[{"href":"https:\/\/griswoldnursingrehab.com\/es\/wp-json\/wp\/v2\/media?parent=229"}],"curies":[{"name":"wp","href":"https:\/\/api.w.org\/{rel}","templated":true}]}}