{"id":192,"date":"2021-01-26T08:30:08","date_gmt":"2021-01-26T14:30:08","guid":{"rendered":"https:\/\/www.greenfieldnursingrehab.com\/staging\/?page_id=192"},"modified":"2021-12-23T12:20:10","modified_gmt":"2021-12-23T17:20:10","slug":"sitemap","status":"publish","type":"page","link":"https:\/\/griswoldnursingrehab.com\/es\/mapa-del-sitio\/","title":{"rendered":"Mapa del sitio"},"content":{"rendered":"<style>#kt-layout-id_a74dd7-4b > .kt-row-column-wrap{align-content:start;}:where(#kt-layout-id_a74dd7-4b > .kt-row-column-wrap) > .wp-block-kadence-column{justify-content:start;}#kt-layout-id_a74dd7-4b > .kt-row-column-wrap{column-gap:var(--global-kb-gap-md, 2rem);row-gap:var(--global-kb-gap-md, 2rem);max-width:var( --global-content-width, 1290px );padding-left:var(--global-content-edge-padding);padding-right:var(--global-content-edge-padding);padding-top:var( --global-kb-row-default-top, 25px );padding-bottom:var( --global-kb-row-default-bottom, 25px );padding-top:var(--global-kb-spacing-sm, 1.5rem);padding-bottom:var(--global-kb-spacing-sm, 1.5rem);grid-template-columns:minmax(0, 1fr);}#kt-layout-id_a74dd7-4b > .kt-row-layout-overlay{opacity:0.30;}@media all and (max-width: 1024px){#kt-layout-id_a74dd7-4b > .kt-row-column-wrap{grid-template-columns:minmax(0, 1fr);}}@media all and (max-width: 767px){#kt-layout-id_a74dd7-4b > .kt-row-column-wrap{grid-template-columns:minmax(0, 1fr);}}<\/style>\n<div class=\"wp-block-kadence-rowlayout alignnone\"><div id=\"kt-layout-id_a74dd7-4b\" class=\"kt-row-layout-inner kt-layout-id_a74dd7-4b\"><div class=\"kt-row-column-wrap kt-has-1-columns kt-gutter-default kt-v-gutter-default kt-row-valign-top kt-row-layout-equal kt-tab-layout-inherit kt-m-colapse-left-to-right kt-mobile-layout-row kb-theme-content-width\"><style>.kadence-column_cb5916-ae > .kt-inside-inner-col{border-top-width:0px;border-right-width:0px;border-bottom-width:0px;border-left-width:0px;}.kadence-column_cb5916-ae > .kt-inside-inner-col,.kadence-column_cb5916-ae > .kt-inside-inner-col:before{border-top-left-radius:0px;border-top-right-radius:0px;border-bottom-right-radius:0px;border-bottom-left-radius:0px;}.kadence-column_cb5916-ae > .kt-inside-inner-col{column-gap:var(--global-kb-gap-sm, 1rem);}.kadence-column_cb5916-ae > .kt-inside-inner-col{flex-direction:column;}.kadence-column_cb5916-ae > .kt-inside-inner-col > .aligncenter{width:100%;}.kadence-column_cb5916-ae > .kt-inside-inner-col:before{opacity:0.3;}.kadence-column_cb5916-ae{position:relative;}@media all and (max-width: 1024px){.kadence-column_cb5916-ae > .kt-inside-inner-col{flex-direction:column;justify-content:center;}}@media all and (max-width: 767px){.kadence-column_cb5916-ae > .kt-inside-inner-col{flex-direction:column;justify-content:center;}}<\/style>\n<div class=\"wp-block-kadence-column inner-column-1 kadence-column_cb5916-ae\"><div class=\"kt-inside-inner-col\"><style>.wp-block-kadence-spacer.kt-block-spacer-_19b5f7-7b .kt-block-spacer{height:10px;}.wp-block-kadence-spacer.kt-block-spacer-_19b5f7-7b .kt-divider{border-top-width:1px;height:1px;border-top-color:#eee;width:80%;border-top-style:solid;}<\/style>\n<div class=\"wp-block-kadence-spacer aligncenter kt-block-spacer-_19b5f7-7b\"><div class=\"kt-block-spacer kt-block-spacer-halign-center\" style=\"height:10px\"><\/div><\/div>\n\n\n<style>.wp-block-kadence-advancedheading.kt-adv-heading_bda721-47, .wp-block-kadence-advancedheading.kt-adv-heading_bda721-47[data-kb-block=\"kb-adv-heading_bda721-47\"]{font-size:1.6rem;font-weight:400;font-style:normal;font-family:bely;}.wp-block-kadence-advancedheading.kt-adv-heading_bda721-47 mark.kt-highlight, .wp-block-kadence-advancedheading.kt-adv-heading_bda721-47[data-kb-block=\"kb-adv-heading_bda721-47\"] mark.kt-highlight{font-style:normal;color:#f76a0c;-webkit-box-decoration-break:clone;box-decoration-break:clone;padding-top:0px;padding-right:0px;padding-bottom:0px;padding-left:0px;}.wp-block-kadence-advancedheading.kt-adv-heading_bda721-47 img.kb-inline-image, .wp-block-kadence-advancedheading.kt-adv-heading_bda721-47[data-kb-block=\"kb-adv-heading_bda721-47\"] img.kb-inline-image{width:150px;vertical-align:baseline;}<\/style>\n<h1 class=\"kt-adv-heading_bda721-47 wp-block-kadence-advancedheading\" data-kb-block=\"kb-adv-heading_bda721-47\">Sitemap<\/h1>\n\n\n\n<ul class=\"wp-block-list\"><li><a href=\"https:\/\/griswoldnursingrehab.com\/\">Home<\/a><ul><li><a href=\"https:\/\/griswoldnursingrehab.com\/senior-care\/\">Levels of Care<\/a><ul><li><a href=\"https:\/\/griswoldnursingrehab.com\/senior-care\/assisted-living\/\">Assisted Living<\/a><\/li><li><a href=\"https:\/\/griswoldnursingrehab.com\/senior-care\/courtyard-memory-care\/\">Courtyard Memory Care<\/a><\/li><li><a href=\"https:\/\/griswoldnursingrehab.com\/senior-care\/long-term-care\/\">Long-Term Care<\/a><\/li><li><a href=\"https:\/\/griswoldnursingrehab.com\/senior-care\/rehabilitation-and-health-care\/\">Rehabilitation<\/a><\/li><li><a href=\"https:\/\/griswoldnursingrehab.com\/senior-care\/respite-care\/\">Respite Care<\/a><\/li><\/ul><\/li><\/ul><ul><li><a href=\"https:\/\/griswoldnursingrehab.com\/about-us\/\">About Us<\/a><\/li><\/ul><ul><li><a href=\"https:\/\/griswoldnursingrehab.com\/blog\/\">Blog<\/a><\/li><li><a href=\"https:\/\/griswoldnursingrehab.com\/contact-us\/\">Contact Us<\/a><\/li><li><a href=\"https:\/\/www.paycomonline.net\/v4\/ats\/web.php\/jobs?clientkey=D2974F1BC04CE143AD1E9330D669D4B5\" target=\"_blank\" rel=\"noreferrer noopener\">Careers<\/a><\/li><li><a href=\"https:\/\/griswoldnursingrehab.com\/faqs\/\">FAQs<\/a><\/li><li><a href=\"https:\/\/griswoldnursingrehab.com\/terms-of-service\/\">Terms of Service<\/a><\/li><li><a href=\"https:\/\/griswoldnursingrehab.com\/privacy-policy\/\">Privacy Policy<\/a><\/li><\/ul><\/li><\/ul>\n\n\n<style>.wp-block-kadence-spacer.kt-block-spacer-_e879a5-a3 .kt-block-spacer{height:50px;}.wp-block-kadence-spacer.kt-block-spacer-_e879a5-a3 .kt-divider{border-top-width:1px;height:1px;border-top-color:#eee;width:80%;border-top-style:solid;}<\/style>\n<div class=\"wp-block-kadence-spacer aligncenter kt-block-spacer-_e879a5-a3\"><div class=\"kt-block-spacer kt-block-spacer-halign-center\" style=\"height:50px\"><\/div><\/div>\n<\/div><\/div>\n<\/div><\/div><\/div>\n","protected":false},"excerpt":{"rendered":"<p>Mapa del sitio Niveles de atenci\u00f3n Vida asistida Courtyard Cuidados de memoria Cuidados de larga duraci\u00f3n Rehabilitaci\u00f3n Cuidados de relevo Qui\u00e9nes somos Blog Contacto Carreras Preguntas frecuentes Condiciones de servicio Pol\u00edtica de privacidad<\/p>","protected":false},"author":2,"featured_media":0,"parent":0,"menu_order":0,"comment_status":"closed","ping_status":"closed","template":"","meta":{"_kad_blocks_custom_css":"","_kad_blocks_head_custom_js":"","_kad_blocks_body_custom_js":"","_kad_blocks_footer_custom_js":"","_kad_post_transparent":"disable","_kad_post_title":"hide","_kad_post_layout":"fullwidth","_kad_post_sidebar_id":"","_kad_post_content_style":"unboxed","_kad_post_vertical_padding":"hide","_kad_post_feature":"","_kad_post_feature_position":"","_kad_post_header":false,"_kad_post_footer":false,"footnotes":""},"class_list":["post-192","page","type-page","status-publish","hentry"],"yoast_head":"<!-- This site is optimized with the Yoast SEO plugin v27.3 - https:\/\/yoast.com\/product\/yoast-seo-wordpress\/ -->\n<title>Sitemap | Griswold Rehabilitation &amp; Health Care Center<\/title>\n<meta name=\"description\" content=\"Browse through the pages of the website.\" \/>\n<meta name=\"robots\" content=\"index, follow, max-snippet:-1, max-image-preview:large, max-video-preview:-1\" \/>\n<link rel=\"canonical\" href=\"https:\/\/griswoldnursingrehab.com\/es\/mapa-del-sitio\/\" \/>\n<meta property=\"og:locale\" content=\"es_ES\" \/>\n<meta property=\"og:type\" content=\"article\" \/>\n<meta property=\"og:title\" content=\"Sitemap | Griswold Rehabilitation &amp; Health Care Center\" \/>\n<meta property=\"og:description\" content=\"Browse through the pages of the website.\" \/>\n<meta property=\"og:url\" content=\"https:\/\/griswoldnursingrehab.com\/es\/mapa-del-sitio\/\" \/>\n<meta property=\"og:site_name\" content=\"Griswold Rehabilitation &amp; Health Care Center\" \/>\n<meta property=\"article:modified_time\" content=\"2021-12-23T17:20:10+00:00\" \/>\n<meta name=\"twitter:card\" content=\"summary_large_image\" \/>\n<meta name=\"twitter:label1\" content=\"Tiempo de lectura\" \/>\n\t<meta name=\"twitter:data1\" content=\"1 minuto\" \/>\n<!-- \/ Yoast SEO plugin. -->","yoast_head_json":{"title":"Mapa del sitio | Griswold Rehabilitation &amp; Health Care Center","description":"Navegue por las p\u00e1ginas del sitio web.","robots":{"index":"index","follow":"follow","max-snippet":"max-snippet:-1","max-image-preview":"max-image-preview:large","max-video-preview":"max-video-preview:-1"},"canonical":"https:\/\/griswoldnursingrehab.com\/es\/mapa-del-sitio\/","og_locale":"es_ES","og_type":"article","og_title":"Sitemap | Griswold Rehabilitation & Health Care Center","og_description":"Browse through the pages of the website.","og_url":"https:\/\/griswoldnursingrehab.com\/es\/mapa-del-sitio\/","og_site_name":"Griswold Rehabilitation &amp; Health Care Center","article_modified_time":"2021-12-23T17:20:10+00:00","twitter_card":"summary_large_image","twitter_misc":{"Tiempo de lectura":"1 minuto"},"schema":{"@context":"https:\/\/schema.org","@graph":[{"@type":["WebPage","MedicalWebPage"],"@id":"https:\/\/griswoldnursingrehab.com\/sitemap\/","url":"https:\/\/griswoldnursingrehab.com\/sitemap\/","name":"Mapa del sitio | Griswold Rehabilitation &amp; Health Care Center","isPartOf":{"@id":"https:\/\/griswoldnursingrehab.com\/#website"},"datePublished":"2021-01-26T14:30:08+00:00","dateModified":"2021-12-23T17:20:10+00:00","description":"Navegue por las p\u00e1ginas del sitio web.","breadcrumb":{"@id":"https:\/\/griswoldnursingrehab.com\/sitemap\/#breadcrumb"},"inLanguage":"es","potentialAction":[{"@type":"ReadAction","target":["https:\/\/griswoldnursingrehab.com\/sitemap\/"]}]},{"@type":"BreadcrumbList","@id":"https:\/\/griswoldnursingrehab.com\/sitemap\/#breadcrumb","itemListElement":[{"@type":"ListItem","position":1,"name":"Home","item":"https:\/\/griswoldnursingrehab.com\/"},{"@type":"ListItem","position":2,"name":"Sitemap"}]},{"@type":"WebSite","@id":"https:\/\/griswoldnursingrehab.com\/#website","url":"https:\/\/griswoldnursingrehab.com\/","name":"Centro de Rehabilitaci\u00f3n y Cuidado de la Salud Griswold","description":"A Tutera Rehabilitation &amp; Health Care Center Assisted Living Community","publisher":{"@id":"https:\/\/griswoldnursingrehab.com\/#organization"},"potentialAction":[{"@type":"SearchAction","target":{"@type":"EntryPoint","urlTemplate":"https:\/\/griswoldnursingrehab.com\/?s={search_term_string}"},"query-input":{"@type":"PropertyValueSpecification","valueRequired":true,"valueName":"search_term_string"}}],"inLanguage":"es"},{"@type":"Organization","@id":"https:\/\/griswoldnursingrehab.com\/#organization","name":"Griswold Assisted Living, Rehabilitation & Health Care Center","url":"https:\/\/griswoldnursingrehab.com\/","logo":{"@type":"ImageObject","inLanguage":"es","@id":"https:\/\/griswoldnursingrehab.com\/#\/schema\/logo\/image\/","url":"https:\/\/griswoldnursingrehab.com\/wp-content\/uploads\/2021\/10\/Griswold-logo-lg.png","contentUrl":"https:\/\/griswoldnursingrehab.com\/wp-content\/uploads\/2021\/10\/Griswold-logo-lg.png","width":400,"height":84,"caption":"Griswold Assisted Living, Rehabilitation & Health Care Center"},"image":{"@id":"https:\/\/griswoldnursingrehab.com\/#\/schema\/logo\/image\/"}}]}},"taxonomy_info":[],"featured_image_src_large":false,"author_info":{"display_name":"slproduction@grapevinedesigns.com","author_link":"https:\/\/griswoldnursingrehab.com\/es\/blog\/author\/slproductiongrapevinedesigns-com\/"},"comment_info":0,"_links":{"self":[{"href":"https:\/\/griswoldnursingrehab.com\/es\/wp-json\/wp\/v2\/pages\/192","targetHints":{"allow":["GET"]}}],"collection":[{"href":"https:\/\/griswoldnursingrehab.com\/es\/wp-json\/wp\/v2\/pages"}],"about":[{"href":"https:\/\/griswoldnursingrehab.com\/es\/wp-json\/wp\/v2\/types\/page"}],"author":[{"embeddable":true,"href":"https:\/\/griswoldnursingrehab.com\/es\/wp-json\/wp\/v2\/users\/2"}],"replies":[{"embeddable":true,"href":"https:\/\/griswoldnursingrehab.com\/es\/wp-json\/wp\/v2\/comments?post=192"}],"version-history":[{"count":0,"href":"https:\/\/griswoldnursingrehab.com\/es\/wp-json\/wp\/v2\/pages\/192\/revisions"}],"wp:attachment":[{"href":"https:\/\/griswoldnursingrehab.com\/es\/wp-json\/wp\/v2\/media?parent=192"}],"curies":[{"name":"wp","href":"https:\/\/api.w.org\/{rel}","templated":true}]}}